{"id":837,"date":"2025-07-24T20:24:09","date_gmt":"2025-07-24T20:24:09","guid":{"rendered":"https:\/\/www.dev.magdalenastiendadefe.com\/dev\/?post_type=product&#038;p=837"},"modified":"2025-07-24T20:24:34","modified_gmt":"2025-07-24T20:24:34","slug":"denario-madera-medalla-milagrosa","status":"publish","type":"product","link":"https:\/\/www.dev.magdalenastiendadefe.com\/dev\/producto\/denario-madera-medalla-milagrosa\/","title":{"rendered":"Denario Madera Medalla Milagrosa"},"content":{"rendered":"<p>Lleva paz, protecci\u00f3n y amor a cualquier espacio con esta bendici\u00f3n especial. Con medallas sacramentales, alas de \u00e1ngel, corazones y rosas que simbolizan cuidado, oraci\u00f3n y fe, es m\u00e1s que un accesorio: es un recordatorio vivo de tu conexi\u00f3n espiritual. Recuerda que las medallas deben ser bendecidas por un sacerdote y que su poder tambi\u00e9n radica en la fe y el conocimiento con el que las recibes. No se trata solo de tenerlas, sino de comprender y vivir su significado.<\/p>\n","protected":false},"excerpt":{"rendered":"<p><span class=\"jgG6ef C9DxTc \">Ideal para colgar en la puerta de la casa y\/o habitaciones. <\/span>Medall\u00f3n en alpaca italiana de la Medalla Milagrosa de 4<span class=\"jgG6ef C9DxTc \">cm x 2.5cm, llave de 2cm<\/span><\/p>\n<p>&nbsp;<\/p>\n","protected":false},"featured_media":890,"comment_status":"closed","ping_status":"closed","template":"","meta":{"_acf_changed":false},"product_brand":[],"product_cat":[129,117],"product_tag":[],"class_list":{"0":"post-837","1":"product","2":"type-product","3":"status-publish","4":"has-post-thumbnail","6":"product_cat-bendiciones","7":"product_cat-denarios","9":"first","10":"instock","11":"taxable","12":"shipping-taxable","13":"purchasable","14":"product-type-simple"},"acf":[],"_links":{"self":[{"href":"https:\/\/www.dev.magdalenastiendadefe.com\/dev\/wp-json\/wp\/v2\/product\/837","targetHints":{"allow":["GET"]}}],"collection":[{"href":"https:\/\/www.dev.magdalenastiendadefe.com\/dev\/wp-json\/wp\/v2\/product"}],"about":[{"href":"https:\/\/www.dev.magdalenastiendadefe.com\/dev\/wp-json\/wp\/v2\/types\/product"}],"replies":[{"embeddable":true,"href":"https:\/\/www.dev.magdalenastiendadefe.com\/dev\/wp-json\/wp\/v2\/comments?post=837"}],"wp:featuredmedia":[{"embeddable":true,"href":"https:\/\/www.dev.magdalenastiendadefe.com\/dev\/wp-json\/wp\/v2\/media\/890"}],"wp:attachment":[{"href":"https:\/\/www.dev.magdalenastiendadefe.com\/dev\/wp-json\/wp\/v2\/media?parent=837"}],"wp:term":[{"taxonomy":"product_brand","embeddable":true,"href":"https:\/\/www.dev.magdalenastiendadefe.com\/dev\/wp-json\/wp\/v2\/product_brand?post=837"},{"taxonomy":"product_cat","embeddable":true,"href":"https:\/\/www.dev.magdalenastiendadefe.com\/dev\/wp-json\/wp\/v2\/product_cat?post=837"},{"taxonomy":"product_tag","embeddable":true,"href":"https:\/\/www.dev.magdalenastiendadefe.com\/dev\/wp-json\/wp\/v2\/product_tag?post=837"}],"curies":[{"name":"wp","href":"https:\/\/api.w.org\/{rel}","templated":true}]}}