{"id":350,"date":"2025-07-24T20:20:41","date_gmt":"2025-07-24T20:20:41","guid":{"rendered":"https:\/\/www.dev.magdalenastiendadefe.com\/dev\/?post_type=product&#038;p=350"},"modified":"2025-07-24T20:21:01","modified_gmt":"2025-07-24T20:21:01","slug":"cuenco-de-la-virgen","status":"publish","type":"product","link":"https:\/\/www.dev.magdalenastiendadefe.com\/dev\/producto\/cuenco-de-la-virgen\/","title":{"rendered":"Cuenco de la Virgen."},"content":{"rendered":"<p>Cuenco de mar\u00eda elaborada en marmolina, material ideal para poner en interiores y exteriores, Son pintadas a mano, las puedes utilizar como joyero o para el agua bendita.<\/p>\n<p>Medida: 13 cm de alto.<\/p>\n<p>Se entrega empacada para regalo, incluye estampa de la marca y tarjeta de para.<\/p>\n","protected":false},"excerpt":{"rendered":"<p>&nbsp;<\/p>\n<p>Imagen de la Virgen \u2013 Cuenco para agua bendita, cam\u00e1ndula o joyero<\/p>\n<p>Esta delicada imagen de la Virgen, con las manos en oraci\u00f3n y tonos suaves, no solo decora, sino que santifica el espacio donde la pongas. Su forma de cuenco permite colocar agua bendita, una cam\u00e1ndula o incluso alguna joya especial que tenga valor espiritual o sentimental.<\/p>\n<p>\u00bfPor qu\u00e9 tenerla?<br \/>\nTener esta imagen en casa es un recordatorio constante de la paz, la pureza y la presencia amorosa de Mar\u00eda. Es una invitaci\u00f3n silenciosa a orar, a confiar y a recordar que en medio del d\u00eda, siempre hay espacio para lo sagrado.<\/p>\n<p>\u00bfPor qu\u00e9 regalarla?<br \/>\nRegalar esta imagen es regalar consuelo, protecci\u00f3n y fe. Es perfecta para alguien que atraviesa un nuevo comienzo, una etapa de oraci\u00f3n o simplemente necesita sentir que no est\u00e1 solo. Cada pieza es artesanal, \u00fanica, y pensada para acompa\u00f1ar con ternura.<\/p>\n","protected":false},"featured_media":385,"comment_status":"closed","ping_status":"closed","template":"","meta":{"_acf_changed":false},"product_brand":[],"product_cat":[53,35],"product_tag":[],"class_list":{"0":"post-350","1":"product","2":"type-product","3":"status-publish","4":"has-post-thumbnail","6":"product_cat-complementos","7":"product_cat-virgen-maria","9":"first","10":"instock","11":"taxable","12":"shipping-taxable","13":"purchasable","14":"product-type-variable"},"acf":[],"_links":{"self":[{"href":"https:\/\/www.dev.magdalenastiendadefe.com\/dev\/wp-json\/wp\/v2\/product\/350","targetHints":{"allow":["GET"]}}],"collection":[{"href":"https:\/\/www.dev.magdalenastiendadefe.com\/dev\/wp-json\/wp\/v2\/product"}],"about":[{"href":"https:\/\/www.dev.magdalenastiendadefe.com\/dev\/wp-json\/wp\/v2\/types\/product"}],"replies":[{"embeddable":true,"href":"https:\/\/www.dev.magdalenastiendadefe.com\/dev\/wp-json\/wp\/v2\/comments?post=350"}],"wp:featuredmedia":[{"embeddable":true,"href":"https:\/\/www.dev.magdalenastiendadefe.com\/dev\/wp-json\/wp\/v2\/media\/385"}],"wp:attachment":[{"href":"https:\/\/www.dev.magdalenastiendadefe.com\/dev\/wp-json\/wp\/v2\/media?parent=350"}],"wp:term":[{"taxonomy":"product_brand","embeddable":true,"href":"https:\/\/www.dev.magdalenastiendadefe.com\/dev\/wp-json\/wp\/v2\/product_brand?post=350"},{"taxonomy":"product_cat","embeddable":true,"href":"https:\/\/www.dev.magdalenastiendadefe.com\/dev\/wp-json\/wp\/v2\/product_cat?post=350"},{"taxonomy":"product_tag","embeddable":true,"href":"https:\/\/www.dev.magdalenastiendadefe.com\/dev\/wp-json\/wp\/v2\/product_tag?post=350"}],"curies":[{"name":"wp","href":"https:\/\/api.w.org\/{rel}","templated":true}]}}