{"id":199,"date":"2025-07-24T20:19:56","date_gmt":"2025-07-24T20:19:56","guid":{"rendered":"https:\/\/www.dev.magdalenastiendadefe.com\/dev\/?post_type=product&#038;p=199"},"modified":"2025-07-24T20:20:17","modified_gmt":"2025-07-24T20:20:17","slug":"virgen-de-lourdes","status":"publish","type":"product","link":"https:\/\/www.dev.magdalenastiendadefe.com\/dev\/producto\/virgen-de-lourdes\/","title":{"rendered":"Virgen de Lourdes"},"content":{"rendered":"<p>IM\u00c1GENES:<br \/>\nUna imagen religiosa no es solo una decoraci\u00f3n, es un s\u00edmbolo de fe y esperanza. Tener una Virgen en nuestro hogar o espacio de trabajo nos recuerda que no estamos solos, que en cada momento podemos encontrar paz y fortaleza. Su presencia transforma cualquier rinc\u00f3n en un lugar especial, lleno de gracia y protecci\u00f3n divina.<\/p>\n<p>Virgen de Lourdes<\/p>\n<p>La Virgen de Lourdes apareci\u00f3 a Santa Bernardita Soubirous en 1858 en Lourdes, Francia, revel\u00e1ndose como la Inmaculada Concepci\u00f3n. En la gruta de Massabielle pidi\u00f3 oraci\u00f3n, penitencia y el uso del agua de su manantial para curaci\u00f3n. Su fiesta se celebra el 11 de febrero, y su mensaje principal es la conversi\u00f3n y la fe en la misericordia divina.<\/p>\n","protected":false},"excerpt":{"rendered":"<p>Medida: 22cm y 30 cm<\/p>\n<p>Elaborada\u00a0 en marmolina, material ideal para poner en interiores y exteriores, se entrega empacada para regalo,\u00a0 incluye estampa de la marca y denario para las manitos de la virgen.<\/p>\n","protected":false},"featured_media":231,"comment_status":"closed","ping_status":"closed","template":"","meta":{"_acf_changed":false},"product_brand":[],"product_cat":[55],"product_tag":[],"class_list":{"0":"post-199","1":"product","2":"type-product","3":"status-publish","4":"has-post-thumbnail","6":"product_cat-de-lourdes","8":"first","9":"instock","10":"taxable","11":"shipping-taxable","12":"purchasable","13":"product-type-variable","14":"has-default-attributes"},"acf":[],"_links":{"self":[{"href":"https:\/\/www.dev.magdalenastiendadefe.com\/dev\/wp-json\/wp\/v2\/product\/199","targetHints":{"allow":["GET"]}}],"collection":[{"href":"https:\/\/www.dev.magdalenastiendadefe.com\/dev\/wp-json\/wp\/v2\/product"}],"about":[{"href":"https:\/\/www.dev.magdalenastiendadefe.com\/dev\/wp-json\/wp\/v2\/types\/product"}],"replies":[{"embeddable":true,"href":"https:\/\/www.dev.magdalenastiendadefe.com\/dev\/wp-json\/wp\/v2\/comments?post=199"}],"wp:featuredmedia":[{"embeddable":true,"href":"https:\/\/www.dev.magdalenastiendadefe.com\/dev\/wp-json\/wp\/v2\/media\/231"}],"wp:attachment":[{"href":"https:\/\/www.dev.magdalenastiendadefe.com\/dev\/wp-json\/wp\/v2\/media?parent=199"}],"wp:term":[{"taxonomy":"product_brand","embeddable":true,"href":"https:\/\/www.dev.magdalenastiendadefe.com\/dev\/wp-json\/wp\/v2\/product_brand?post=199"},{"taxonomy":"product_cat","embeddable":true,"href":"https:\/\/www.dev.magdalenastiendadefe.com\/dev\/wp-json\/wp\/v2\/product_cat?post=199"},{"taxonomy":"product_tag","embeddable":true,"href":"https:\/\/www.dev.magdalenastiendadefe.com\/dev\/wp-json\/wp\/v2\/product_tag?post=199"}],"curies":[{"name":"wp","href":"https:\/\/api.w.org\/{rel}","templated":true}]}}