{"id":1923,"date":"2025-07-24T20:31:45","date_gmt":"2025-07-24T20:31:45","guid":{"rendered":"https:\/\/www.dev.magdalenastiendadefe.com\/dev\/?post_type=product&#038;p=1923"},"modified":"2025-08-20T21:01:18","modified_gmt":"2025-08-20T21:01:18","slug":"corazon-miyuki-2","status":"publish","type":"product","link":"https:\/\/www.dev.magdalenastiendadefe.com\/dev\/producto\/corazon-miyuki-2\/","title":{"rendered":"Corazon Miyuki"},"content":{"rendered":"<p>Manilla del Sagrado Coraz\u00f3n de Jes\u00fas con medalla de San Benito \u2728<\/p>\n<p>Esta manilla est\u00e1 tejida 100% a mano con mostacillas japonesas Miyuki, un trabajo lleno de fe y dedicaci\u00f3n.<\/p>\n<p>Incluye una medalla en acero inoxidable de San Benito, reconocido por la Iglesia Cat\u00f3lica como protector contra el mal y los ataques espirituales. Su medalla est\u00e1 aprobada como sacramental.<\/p>\n<p>El dise\u00f1o une la ternura y misericordia del Sagrado Coraz\u00f3n de Jes\u00fas \u2014cuya fiesta celebramos el viernes despu\u00e9s del segundo domingo de Pentecost\u00e9s (este a\u00f1o fue el 6 de junio de 2025)\u2014<br \/>\ncon la fuerza espiritual de San Benito, cuya fiesta lit\u00fargica es el 11 de julio.<\/p>\n<p>\ud83d\udc9d Se entrega en un empaque precioso para regalo:<br \/>\n\u2714\ufe0f Caja de nuestra marca<br \/>\n\u2714\ufe0f Bolsa de organza<br \/>\n\u2714\ufe0f Estampa religiosa<br \/>\n\u2714\ufe0f Tarjeta \u201cDe: Para:\u201d lista para dedicar<\/p>\n","protected":false},"excerpt":{"rendered":"<p>Manilla del Sagrado Coraz\u00f3n de Jes\u00fas con medalla de San Benito \u2728<\/p>\n<p>Esta manilla est\u00e1 tejida 100% a mano con mostacillas japonesas Miyuki, un trabajo lleno de fe y dedicaci\u00f3n.<\/p>\n<p>Incluye una medalla en acero inoxidable de San Benito, reconocido por la Iglesia Cat\u00f3lica como protector contra el mal y los ataques espirituales. Su medalla est\u00e1 aprobada como sacramental.<\/p>\n<p>El dise\u00f1o une la ternura y misericordia del Sagrado Coraz\u00f3n de Jes\u00fas \u2014cuya fiesta celebramos el viernes despu\u00e9s del segundo domingo de Pentecost\u00e9s (este a\u00f1o fue el 6 de junio de 2025)\u2014<br \/>\ncon la fuerza espiritual de San Benito, cuya fiesta lit\u00fargica es el 11 de julio.<\/p>\n<p>\ud83d\udc9d Se entrega en un empaque precioso para regalo:<br \/>\n\u2714\ufe0f Caja de nuestra marca<br \/>\n\u2714\ufe0f Bolsa de organza<br \/>\n\u2714\ufe0f Estampa religiosa<br \/>\n\u2714\ufe0f Tarjeta \u201cDe: Para:\u201d lista para dedicar<\/p>\n","protected":false},"featured_media":1967,"comment_status":"closed","ping_status":"closed","template":"","meta":{"_acf_changed":false},"product_brand":[],"product_cat":[71],"product_tag":[],"class_list":{"0":"post-1923","1":"product","2":"type-product","3":"status-publish","4":"has-post-thumbnail","6":"product_cat-pulseras","8":"first","9":"instock","10":"taxable","11":"shipping-taxable","12":"purchasable","13":"product-type-variable"},"acf":[],"_links":{"self":[{"href":"https:\/\/www.dev.magdalenastiendadefe.com\/dev\/wp-json\/wp\/v2\/product\/1923","targetHints":{"allow":["GET"]}}],"collection":[{"href":"https:\/\/www.dev.magdalenastiendadefe.com\/dev\/wp-json\/wp\/v2\/product"}],"about":[{"href":"https:\/\/www.dev.magdalenastiendadefe.com\/dev\/wp-json\/wp\/v2\/types\/product"}],"replies":[{"embeddable":true,"href":"https:\/\/www.dev.magdalenastiendadefe.com\/dev\/wp-json\/wp\/v2\/comments?post=1923"}],"wp:featuredmedia":[{"embeddable":true,"href":"https:\/\/www.dev.magdalenastiendadefe.com\/dev\/wp-json\/wp\/v2\/media\/1967"}],"wp:attachment":[{"href":"https:\/\/www.dev.magdalenastiendadefe.com\/dev\/wp-json\/wp\/v2\/media?parent=1923"}],"wp:term":[{"taxonomy":"product_brand","embeddable":true,"href":"https:\/\/www.dev.magdalenastiendadefe.com\/dev\/wp-json\/wp\/v2\/product_brand?post=1923"},{"taxonomy":"product_cat","embeddable":true,"href":"https:\/\/www.dev.magdalenastiendadefe.com\/dev\/wp-json\/wp\/v2\/product_cat?post=1923"},{"taxonomy":"product_tag","embeddable":true,"href":"https:\/\/www.dev.magdalenastiendadefe.com\/dev\/wp-json\/wp\/v2\/product_tag?post=1923"}],"curies":[{"name":"wp","href":"https:\/\/api.w.org\/{rel}","templated":true}]}}