{"id":1913,"date":"2025-07-24T20:31:44","date_gmt":"2025-07-24T20:31:44","guid":{"rendered":"https:\/\/www.dev.magdalenastiendadefe.com\/dev\/?post_type=product&#038;p=1913"},"modified":"2025-07-24T20:32:04","modified_gmt":"2025-07-24T20:32:04","slug":"cristo-repujado","status":"publish","type":"product","link":"https:\/\/www.dev.magdalenastiendadefe.com\/dev\/producto\/cristo-repujado\/","title":{"rendered":"Cristo repujado."},"content":{"rendered":"<p>Medidas: 21cm de alto * 15cm de ancho.<\/p>\n<p>Base madera roble, imagen repujada y pintada a mano.<\/p>\n<p>Se env\u00eda empacada para regalo con estampa de la temporada y tarjeta de para.<\/p>\n","protected":false},"excerpt":{"rendered":"<p>\u00bfPor qu\u00e9 tener una cruz con Cristo?<\/p>\n<p>Tener una cruz con Cristo en casa, en la oficina o en cualquier espacio es un recordatorio constante de amor, esperanza y fortaleza. Nos recuerda que no estamos solos, que incluso en los momentos dif\u00edciles, hay un Dios que entreg\u00f3 todo por nosotros y que camina a nuestro lado.<\/p>\n<p>\u00bfPor qu\u00e9 es un buen regalo?<\/p>\n<p>Regalar una cruz con Cristo es un gesto profundo. Es una manera de decirle a alguien \u201cte acompa\u00f1o, te deseo paz, te deseo fe\u201d. Es un regalo que no pasa de moda, que no se olvida y que toca el coraz\u00f3n de quien lo recibe. Ideal para cumplea\u00f1os, momentos dif\u00edciles, nuevas etapas, o simplemente para demostrar cari\u00f1o.<\/p>\n<p>\u00bfD\u00f3nde colocarla?<\/p>\n<p>Puedes ponerla en tu cuarto, como una forma de empezar y terminar el d\u00eda con fe. En tu sala, para que tu hogar respire paz. En la oficina, como un s\u00edmbolo de prop\u00f3sito y gu\u00eda. O incluso llevarla contigo en una mochila o carro, como una compa\u00f1\u00eda silenciosa pero poderosa.<\/p>\n","protected":false},"featured_media":1953,"comment_status":"closed","ping_status":"closed","template":"","meta":{"_acf_changed":false},"product_brand":[],"product_cat":[54,137],"product_tag":[],"class_list":{"0":"post-1913","1":"product","2":"type-product","3":"status-publish","4":"has-post-thumbnail","6":"product_cat-cristos","7":"product_cat-repujado","9":"first","10":"instock","11":"taxable","12":"shipping-taxable","13":"purchasable","14":"product-type-simple"},"acf":[],"_links":{"self":[{"href":"https:\/\/www.dev.magdalenastiendadefe.com\/dev\/wp-json\/wp\/v2\/product\/1913","targetHints":{"allow":["GET"]}}],"collection":[{"href":"https:\/\/www.dev.magdalenastiendadefe.com\/dev\/wp-json\/wp\/v2\/product"}],"about":[{"href":"https:\/\/www.dev.magdalenastiendadefe.com\/dev\/wp-json\/wp\/v2\/types\/product"}],"replies":[{"embeddable":true,"href":"https:\/\/www.dev.magdalenastiendadefe.com\/dev\/wp-json\/wp\/v2\/comments?post=1913"}],"wp:featuredmedia":[{"embeddable":true,"href":"https:\/\/www.dev.magdalenastiendadefe.com\/dev\/wp-json\/wp\/v2\/media\/1953"}],"wp:attachment":[{"href":"https:\/\/www.dev.magdalenastiendadefe.com\/dev\/wp-json\/wp\/v2\/media?parent=1913"}],"wp:term":[{"taxonomy":"product_brand","embeddable":true,"href":"https:\/\/www.dev.magdalenastiendadefe.com\/dev\/wp-json\/wp\/v2\/product_brand?post=1913"},{"taxonomy":"product_cat","embeddable":true,"href":"https:\/\/www.dev.magdalenastiendadefe.com\/dev\/wp-json\/wp\/v2\/product_cat?post=1913"},{"taxonomy":"product_tag","embeddable":true,"href":"https:\/\/www.dev.magdalenastiendadefe.com\/dev\/wp-json\/wp\/v2\/product_tag?post=1913"}],"curies":[{"name":"wp","href":"https:\/\/api.w.org\/{rel}","templated":true}]}}