{"id":1867,"date":"2025-07-24T20:31:23","date_gmt":"2025-07-24T20:31:23","guid":{"rendered":"https:\/\/www.dev.magdalenastiendadefe.com\/dev\/?post_type=product&#038;p=1867"},"modified":"2025-07-24T20:31:44","modified_gmt":"2025-07-24T20:31:44","slug":"dulce-madre-3","status":"publish","type":"product","link":"https:\/\/www.dev.magdalenastiendadefe.com\/dev\/producto\/dulce-madre-3\/","title":{"rendered":"Dulce madre"},"content":{"rendered":"<p>Medida: 23cm<\/p>\n<p>Elaborado\u00a0 en marmolina, material ideal para poner en interiores y exteriores, se entrega empacado para regalo, incluye estampa de la marca.<\/p>\n","protected":false},"excerpt":{"rendered":"<p>Dulce Madre<br \/>\nUna figura que transmite paz, consuelo y amor maternal. Representa a la Virgen Mar\u00eda abrazando al Ni\u00f1o Jes\u00fas con ternura infinita, record\u00e1ndonos el poder del amor que protege, acompa\u00f1a y sostiene.<br \/>\nEn sus manos lleva un rosario, s\u00edmbolo de oraci\u00f3n constante, fe viva y gu\u00eda espiritual. Ese peque\u00f1o detalle nos invita a volver a lo esencial: confiar, orar y dejar que la Virgen interceda por nosotros en cada momento de la vida.<br \/>\nSu vestido en tonos suaves, adornado con flores doradas en relieve y palabras de oraci\u00f3n grabadas, convierte esta pieza en un tesoro para el alma y para el hogar.<\/p>\n","protected":false},"featured_media":1908,"comment_status":"closed","ping_status":"closed","template":"","meta":{"_acf_changed":false},"product_brand":[],"product_cat":[35],"product_tag":[],"class_list":{"0":"post-1867","1":"product","2":"type-product","3":"status-publish","4":"has-post-thumbnail","6":"product_cat-virgen-maria","8":"first","9":"instock","10":"taxable","11":"shipping-taxable","12":"purchasable","13":"product-type-simple"},"acf":[],"_links":{"self":[{"href":"https:\/\/www.dev.magdalenastiendadefe.com\/dev\/wp-json\/wp\/v2\/product\/1867","targetHints":{"allow":["GET"]}}],"collection":[{"href":"https:\/\/www.dev.magdalenastiendadefe.com\/dev\/wp-json\/wp\/v2\/product"}],"about":[{"href":"https:\/\/www.dev.magdalenastiendadefe.com\/dev\/wp-json\/wp\/v2\/types\/product"}],"replies":[{"embeddable":true,"href":"https:\/\/www.dev.magdalenastiendadefe.com\/dev\/wp-json\/wp\/v2\/comments?post=1867"}],"wp:featuredmedia":[{"embeddable":true,"href":"https:\/\/www.dev.magdalenastiendadefe.com\/dev\/wp-json\/wp\/v2\/media\/1908"}],"wp:attachment":[{"href":"https:\/\/www.dev.magdalenastiendadefe.com\/dev\/wp-json\/wp\/v2\/media?parent=1867"}],"wp:term":[{"taxonomy":"product_brand","embeddable":true,"href":"https:\/\/www.dev.magdalenastiendadefe.com\/dev\/wp-json\/wp\/v2\/product_brand?post=1867"},{"taxonomy":"product_cat","embeddable":true,"href":"https:\/\/www.dev.magdalenastiendadefe.com\/dev\/wp-json\/wp\/v2\/product_cat?post=1867"},{"taxonomy":"product_tag","embeddable":true,"href":"https:\/\/www.dev.magdalenastiendadefe.com\/dev\/wp-json\/wp\/v2\/product_tag?post=1867"}],"curies":[{"name":"wp","href":"https:\/\/api.w.org\/{rel}","templated":true}]}}