{"id":1850,"date":"2025-07-24T20:31:23","date_gmt":"2025-07-24T20:31:23","guid":{"rendered":"https:\/\/www.dev.magdalenastiendadefe.com\/dev\/?post_type=product&#038;p=1850"},"modified":"2025-07-24T20:31:26","modified_gmt":"2025-07-24T20:31:26","slug":"camandula-cruz-del-perdon","status":"publish","type":"product","link":"https:\/\/www.dev.magdalenastiendadefe.com\/dev\/producto\/camandula-cruz-del-perdon\/","title":{"rendered":"Cam\u00e1ndula Cruz del perd\u00f3n"},"content":{"rendered":"<p>Cam\u00e1ndula en murano biselado, hilo, y herrajes en alpaca italiana.<\/p>\n<p>misterios de la virgen de Guadalupe.<\/p>\n<p>crucero de San Benito.<\/p>\n<p>cruz del perd\u00f3n.<\/p>\n<p>Se entrega empacada para regalo en caja de la marca, incluye bolsa de organza con flor y gu\u00eda para hacer el rosario.<\/p>\n","protected":false},"excerpt":{"rendered":"<p>Tener una cam\u00e1ndula no es solo llevar un objeto:<br \/>\nes llevar un espacio de oraci\u00f3n entre las manos,<br \/>\nun puente entre el alma y Dios,<br \/>\nun recordatorio silencioso de que nunca caminamos solos.<\/p>\n<p>Cada cuenta marca un momento de encuentro,<br \/>\nuna s\u00faplica, una acci\u00f3n de gracias, una esperanza.<\/p>\n<p>Regalar una cam\u00e1ndula es regalar fe,<br \/>\nes decirle a alguien \u201coro por ti\u201d,<br \/>\n\u201cte encomiendo al cielo\u201d,<br \/>\n\u201cque nunca te falte consuelo\u201d.<\/p>\n<p>Es m\u00e1s que un detalle.<br \/>\nEs una presencia.<br \/>\nUna herramienta de oraci\u00f3n que acompa\u00f1a, consuela y fortalece.<\/p>\n<p>En cada cam\u00e1ndula que ofrecemos,<br \/>\nhay belleza, devoci\u00f3n y prop\u00f3sito.<\/p>\n","protected":false},"featured_media":1882,"comment_status":"closed","ping_status":"closed","template":"","meta":{"_acf_changed":false},"product_brand":[],"product_cat":[86],"product_tag":[],"class_list":{"0":"post-1850","1":"product","2":"type-product","3":"status-publish","4":"has-post-thumbnail","6":"product_cat-camandulas-camandulas","8":"first","9":"instock","10":"taxable","11":"shipping-taxable","12":"purchasable","13":"product-type-simple"},"acf":[],"_links":{"self":[{"href":"https:\/\/www.dev.magdalenastiendadefe.com\/dev\/wp-json\/wp\/v2\/product\/1850","targetHints":{"allow":["GET"]}}],"collection":[{"href":"https:\/\/www.dev.magdalenastiendadefe.com\/dev\/wp-json\/wp\/v2\/product"}],"about":[{"href":"https:\/\/www.dev.magdalenastiendadefe.com\/dev\/wp-json\/wp\/v2\/types\/product"}],"replies":[{"embeddable":true,"href":"https:\/\/www.dev.magdalenastiendadefe.com\/dev\/wp-json\/wp\/v2\/comments?post=1850"}],"wp:featuredmedia":[{"embeddable":true,"href":"https:\/\/www.dev.magdalenastiendadefe.com\/dev\/wp-json\/wp\/v2\/media\/1882"}],"wp:attachment":[{"href":"https:\/\/www.dev.magdalenastiendadefe.com\/dev\/wp-json\/wp\/v2\/media?parent=1850"}],"wp:term":[{"taxonomy":"product_brand","embeddable":true,"href":"https:\/\/www.dev.magdalenastiendadefe.com\/dev\/wp-json\/wp\/v2\/product_brand?post=1850"},{"taxonomy":"product_cat","embeddable":true,"href":"https:\/\/www.dev.magdalenastiendadefe.com\/dev\/wp-json\/wp\/v2\/product_cat?post=1850"},{"taxonomy":"product_tag","embeddable":true,"href":"https:\/\/www.dev.magdalenastiendadefe.com\/dev\/wp-json\/wp\/v2\/product_tag?post=1850"}],"curies":[{"name":"wp","href":"https:\/\/api.w.org\/{rel}","templated":true}]}}