{"id":1770,"date":"2025-07-24T20:30:38","date_gmt":"2025-07-24T20:30:38","guid":{"rendered":"https:\/\/www.dev.magdalenastiendadefe.com\/dev\/?post_type=product&#038;p=1770"},"modified":"2025-07-24T20:31:21","modified_gmt":"2025-07-24T20:31:21","slug":"escapulario","status":"publish","type":"product","link":"https:\/\/www.dev.magdalenastiendadefe.com\/dev\/producto\/escapulario\/","title":{"rendered":"Escapulario"},"content":{"rendered":"<p>Pulsera tejida en hilo matizado con cristales de murano y dije rodinado.<\/p>\n<p>se env\u00eda empacada para regalo en caja de la marca con bolsa de organza, estampa de para y tarjeta de temporada.<\/p>\n<p>&nbsp;<\/p>\n","protected":false},"excerpt":{"rendered":"<p>La Madre que une corazones y derrama milagros.<br \/>\nLa Virgen de Guadalupe no solo es Reina de M\u00e9xico, sino Emperatriz de Am\u00e9rica y consuelo de millones. Llevar su imagen es llevar amor maternal, ternura, protecci\u00f3n y esperanza.<br \/>\nEsta pulsera no es solo un s\u00edmbolo de devoci\u00f3n, es una declaraci\u00f3n de amor a Mar\u00eda. Perfecta para regalar en fechas marianas, a madres, hijas o amigas que saben que tenerla cerca es sentirse en casa.<\/p>\n","protected":false},"featured_media":1827,"comment_status":"closed","ping_status":"closed","template":"","meta":{"_acf_changed":false},"product_brand":[],"product_cat":[71],"product_tag":[],"class_list":{"0":"post-1770","1":"product","2":"type-product","3":"status-publish","4":"has-post-thumbnail","6":"product_cat-pulseras","8":"first","9":"instock","10":"taxable","11":"shipping-taxable","12":"purchasable","13":"product-type-variable"},"acf":[],"_links":{"self":[{"href":"https:\/\/www.dev.magdalenastiendadefe.com\/dev\/wp-json\/wp\/v2\/product\/1770","targetHints":{"allow":["GET"]}}],"collection":[{"href":"https:\/\/www.dev.magdalenastiendadefe.com\/dev\/wp-json\/wp\/v2\/product"}],"about":[{"href":"https:\/\/www.dev.magdalenastiendadefe.com\/dev\/wp-json\/wp\/v2\/types\/product"}],"replies":[{"embeddable":true,"href":"https:\/\/www.dev.magdalenastiendadefe.com\/dev\/wp-json\/wp\/v2\/comments?post=1770"}],"wp:featuredmedia":[{"embeddable":true,"href":"https:\/\/www.dev.magdalenastiendadefe.com\/dev\/wp-json\/wp\/v2\/media\/1827"}],"wp:attachment":[{"href":"https:\/\/www.dev.magdalenastiendadefe.com\/dev\/wp-json\/wp\/v2\/media?parent=1770"}],"wp:term":[{"taxonomy":"product_brand","embeddable":true,"href":"https:\/\/www.dev.magdalenastiendadefe.com\/dev\/wp-json\/wp\/v2\/product_brand?post=1770"},{"taxonomy":"product_cat","embeddable":true,"href":"https:\/\/www.dev.magdalenastiendadefe.com\/dev\/wp-json\/wp\/v2\/product_cat?post=1770"},{"taxonomy":"product_tag","embeddable":true,"href":"https:\/\/www.dev.magdalenastiendadefe.com\/dev\/wp-json\/wp\/v2\/product_tag?post=1770"}],"curies":[{"name":"wp","href":"https:\/\/api.w.org\/{rel}","templated":true}]}}