{"id":1714,"date":"2025-07-24T20:30:15","date_gmt":"2025-07-24T20:30:15","guid":{"rendered":"https:\/\/www.dev.magdalenastiendadefe.com\/dev\/?post_type=product&#038;p=1714"},"modified":"2025-07-24T20:30:41","modified_gmt":"2025-07-24T20:30:41","slug":"amor-de-familia-3","status":"publish","type":"product","link":"https:\/\/www.dev.magdalenastiendadefe.com\/dev\/producto\/amor-de-familia-3\/","title":{"rendered":"Amor de familia"},"content":{"rendered":"<p>Un s\u00edmbolo de amor divino y protecci\u00f3n<\/p>\n<p>Este hermoso coraz\u00f3n con llamas y aplique de la Sagrada Familia representa el amor incondicional, la fe y la protecci\u00f3n que nos acompa\u00f1a en cada momento. Las llamas en su parte superior simbolizan la luz y la entrega, record\u00e1ndonos que el amor de Dios y la familia es una llama que nunca se apaga.<\/p>\n<p>Un detalle especial para cualquier ocasi\u00f3n: nacimientos, matrimonios, aniversarios o simplemente como un gesto de cari\u00f1o y fe. Un regalo con significado profundo que ilumina cualquier espacio.<\/p>\n","protected":false},"excerpt":{"rendered":"<p>Material del coraz\u00f3n y aplique:\u00a0 Marmolina<\/p>\n<p>Medida: 17cm de alto * 11cm de ancho.<\/p>\n<p>Pintura: Acr\u00edlico, patina y laminilla.<\/p>\n<p>Aplique para la pared<\/p>\n","protected":false},"featured_media":1775,"comment_status":"closed","ping_status":"closed","template":"","meta":{"_acf_changed":false},"product_brand":[],"product_cat":[106,37],"product_tag":[],"class_list":{"0":"post-1714","1":"product","2":"type-product","3":"status-publish","4":"has-post-thumbnail","6":"product_cat-candelabros-corazones-alados","7":"product_cat-sagrada-familia","9":"first","10":"instock","11":"taxable","12":"shipping-taxable","13":"purchasable","14":"product-type-simple"},"acf":[],"_links":{"self":[{"href":"https:\/\/www.dev.magdalenastiendadefe.com\/dev\/wp-json\/wp\/v2\/product\/1714","targetHints":{"allow":["GET"]}}],"collection":[{"href":"https:\/\/www.dev.magdalenastiendadefe.com\/dev\/wp-json\/wp\/v2\/product"}],"about":[{"href":"https:\/\/www.dev.magdalenastiendadefe.com\/dev\/wp-json\/wp\/v2\/types\/product"}],"replies":[{"embeddable":true,"href":"https:\/\/www.dev.magdalenastiendadefe.com\/dev\/wp-json\/wp\/v2\/comments?post=1714"}],"wp:featuredmedia":[{"embeddable":true,"href":"https:\/\/www.dev.magdalenastiendadefe.com\/dev\/wp-json\/wp\/v2\/media\/1775"}],"wp:attachment":[{"href":"https:\/\/www.dev.magdalenastiendadefe.com\/dev\/wp-json\/wp\/v2\/media?parent=1714"}],"wp:term":[{"taxonomy":"product_brand","embeddable":true,"href":"https:\/\/www.dev.magdalenastiendadefe.com\/dev\/wp-json\/wp\/v2\/product_brand?post=1714"},{"taxonomy":"product_cat","embeddable":true,"href":"https:\/\/www.dev.magdalenastiendadefe.com\/dev\/wp-json\/wp\/v2\/product_cat?post=1714"},{"taxonomy":"product_tag","embeddable":true,"href":"https:\/\/www.dev.magdalenastiendadefe.com\/dev\/wp-json\/wp\/v2\/product_tag?post=1714"}],"curies":[{"name":"wp","href":"https:\/\/api.w.org\/{rel}","templated":true}]}}