{"id":1609,"date":"2025-07-24T20:29:35","date_gmt":"2025-07-24T20:29:35","guid":{"rendered":"https:\/\/www.dev.magdalenastiendadefe.com\/dev\/?post_type=product&#038;p=1609"},"modified":"2025-07-24T20:29:51","modified_gmt":"2025-07-24T20:29:51","slug":"cadena-entorchada-en-perlas-tuti-de-corazon","status":"publish","type":"product","link":"https:\/\/www.dev.magdalenastiendadefe.com\/dev\/producto\/cadena-entorchada-en-perlas-tuti-de-corazon\/","title":{"rendered":"Cadena entorchada en perlas tuti de coraz\u00f3n."},"content":{"rendered":"<p>Los accesorios de fe no son simples complementos; son testimonios de nuestra confianza en Dios y en la protecci\u00f3n de los santos. Llevar una medalla de la Virgen o de un santo nos ayuda a mantenernos conectados con nuestra espiritualidad, record\u00e1ndonos que la fe es la fuerza que nos sostiene en cada momento. Estos detalles son m\u00e1s que objetos, son s\u00edmbolos vivos de esperanza, amor y devoci\u00f3n que nos acompa\u00f1an en el d\u00eda a d\u00eda.<\/p>\n","protected":false},"excerpt":{"rendered":"<p>Cadena en perlas shell entorchada artesanalmente en alambre en rodio, tiene un ba\u00f1o de oro, la cadena se puede graduar y su medalla en rodinada con cristales.<\/p>\n<p>Medida: 234cm sin la extensi\u00f3n.<\/p>\n<p>Se env\u00eda empaca en caja de la marca para regalo, estampa, tarjeta de para.<\/p>\n","protected":false},"featured_media":1632,"comment_status":"closed","ping_status":"closed","template":"","meta":{"_acf_changed":false},"product_brand":[],"product_cat":[88],"product_tag":[],"class_list":{"0":"post-1609","1":"product","2":"type-product","3":"status-publish","4":"has-post-thumbnail","6":"product_cat-cadenas","8":"first","9":"instock","10":"taxable","11":"shipping-taxable","12":"purchasable","13":"product-type-simple"},"acf":[],"_links":{"self":[{"href":"https:\/\/www.dev.magdalenastiendadefe.com\/dev\/wp-json\/wp\/v2\/product\/1609","targetHints":{"allow":["GET"]}}],"collection":[{"href":"https:\/\/www.dev.magdalenastiendadefe.com\/dev\/wp-json\/wp\/v2\/product"}],"about":[{"href":"https:\/\/www.dev.magdalenastiendadefe.com\/dev\/wp-json\/wp\/v2\/types\/product"}],"replies":[{"embeddable":true,"href":"https:\/\/www.dev.magdalenastiendadefe.com\/dev\/wp-json\/wp\/v2\/comments?post=1609"}],"wp:featuredmedia":[{"embeddable":true,"href":"https:\/\/www.dev.magdalenastiendadefe.com\/dev\/wp-json\/wp\/v2\/media\/1632"}],"wp:attachment":[{"href":"https:\/\/www.dev.magdalenastiendadefe.com\/dev\/wp-json\/wp\/v2\/media?parent=1609"}],"wp:term":[{"taxonomy":"product_brand","embeddable":true,"href":"https:\/\/www.dev.magdalenastiendadefe.com\/dev\/wp-json\/wp\/v2\/product_brand?post=1609"},{"taxonomy":"product_cat","embeddable":true,"href":"https:\/\/www.dev.magdalenastiendadefe.com\/dev\/wp-json\/wp\/v2\/product_cat?post=1609"},{"taxonomy":"product_tag","embeddable":true,"href":"https:\/\/www.dev.magdalenastiendadefe.com\/dev\/wp-json\/wp\/v2\/product_tag?post=1609"}],"curies":[{"name":"wp","href":"https:\/\/api.w.org\/{rel}","templated":true}]}}