{"id":1589,"date":"2025-07-24T20:29:34","date_gmt":"2025-07-24T20:29:34","guid":{"rendered":"https:\/\/www.dev.magdalenastiendadefe.com\/dev\/?post_type=product&#038;p=1589"},"modified":"2025-07-24T20:29:38","modified_gmt":"2025-07-24T20:29:38","slug":"pin-medalla-milagrosa","status":"publish","type":"product","link":"https:\/\/www.dev.magdalenastiendadefe.com\/dev\/producto\/pin-medalla-milagrosa\/","title":{"rendered":"Pin Medalla Milagrosa."},"content":{"rendered":"<p>Conecta tu fe a cada paso de tu d\u00eda. Estos prendedores\u00a0 son m\u00e1s que accesorios: son s\u00edmbolos de protecci\u00f3n, amor y gu\u00eda espiritual. Ll\u00e9valos contigo como un recordatorio de la fe que te acompa\u00f1a y te fortalece en cada momento. Perfectos para ti o como un regalo lleno de significado para quienes amas. \u00a1Haz que tu devoci\u00f3n brille con estilo y prop\u00f3sito!<\/p>\n<p>La Advocaci\u00f3n de la Medalla Milagrosa surge de las apariciones de la Virgen Mar\u00eda a Santa Catalina Labour\u00e9 en 1830 en Par\u00eds, Francia. En estas apariciones, la Virgen pidi\u00f3 la creaci\u00f3n de una medalla con la promesa de gracias especiales a quienes la llevaran con devoci\u00f3n. Su fiesta se celebra el 27 de noviembre, record\u00e1ndonos la importancia de su intercesi\u00f3n y confianza en la gracia divina.<\/p>\n","protected":false},"excerpt":{"rendered":"<p>Pines Virgen Medalla Milagrosa. Se env\u00edan con la presentaci\u00f3n de la foto.\u00a0 Se personaliza la estampa desde 12 unidades.<\/p>\n","protected":false},"featured_media":1617,"comment_status":"closed","ping_status":"closed","template":"","meta":{"_acf_changed":false},"product_brand":[],"product_cat":[109],"product_tag":[],"class_list":{"0":"post-1589","1":"product","2":"type-product","3":"status-publish","4":"has-post-thumbnail","6":"product_cat-pines","8":"first","9":"instock","10":"taxable","11":"shipping-taxable","12":"purchasable","13":"product-type-simple"},"acf":[],"_links":{"self":[{"href":"https:\/\/www.dev.magdalenastiendadefe.com\/dev\/wp-json\/wp\/v2\/product\/1589","targetHints":{"allow":["GET"]}}],"collection":[{"href":"https:\/\/www.dev.magdalenastiendadefe.com\/dev\/wp-json\/wp\/v2\/product"}],"about":[{"href":"https:\/\/www.dev.magdalenastiendadefe.com\/dev\/wp-json\/wp\/v2\/types\/product"}],"replies":[{"embeddable":true,"href":"https:\/\/www.dev.magdalenastiendadefe.com\/dev\/wp-json\/wp\/v2\/comments?post=1589"}],"wp:featuredmedia":[{"embeddable":true,"href":"https:\/\/www.dev.magdalenastiendadefe.com\/dev\/wp-json\/wp\/v2\/media\/1617"}],"wp:attachment":[{"href":"https:\/\/www.dev.magdalenastiendadefe.com\/dev\/wp-json\/wp\/v2\/media?parent=1589"}],"wp:term":[{"taxonomy":"product_brand","embeddable":true,"href":"https:\/\/www.dev.magdalenastiendadefe.com\/dev\/wp-json\/wp\/v2\/product_brand?post=1589"},{"taxonomy":"product_cat","embeddable":true,"href":"https:\/\/www.dev.magdalenastiendadefe.com\/dev\/wp-json\/wp\/v2\/product_cat?post=1589"},{"taxonomy":"product_tag","embeddable":true,"href":"https:\/\/www.dev.magdalenastiendadefe.com\/dev\/wp-json\/wp\/v2\/product_tag?post=1589"}],"curies":[{"name":"wp","href":"https:\/\/api.w.org\/{rel}","templated":true}]}}