{"id":1555,"date":"2025-07-24T20:29:13","date_gmt":"2025-07-24T20:29:13","guid":{"rendered":"https:\/\/www.dev.magdalenastiendadefe.com\/dev\/?post_type=product&#038;p=1555"},"modified":"2025-07-24T20:29:37","modified_gmt":"2025-07-24T20:29:37","slug":"pin-san-benito","status":"publish","type":"product","link":"https:\/\/www.dev.magdalenastiendadefe.com\/dev\/producto\/pin-san-benito\/","title":{"rendered":"Pin San Benito"},"content":{"rendered":"<p>Conecta tu fe a cada paso de tu d\u00eda. Estos prendedores\u00a0 son m\u00e1s que accesorios: son s\u00edmbolos de protecci\u00f3n, amor y gu\u00eda espiritual. Ll\u00e9valos contigo como un recordatorio de la fe que te acompa\u00f1a y te fortalece en cada momento. Perfectos para ti o como un regalo lleno de significado para quienes amas. \u00a1Haz que tu devoci\u00f3n brille con estilo y prop\u00f3sito!<\/p>\n<p>San Benito de Nursia (480-547) es conocido como el \u201cPadre del monaquismo occidental\u201d y creador de la Regla de San Benito, que gu\u00eda la vida mon\u00e1stica. Es venerado como protector contra el mal, simbolizado por su medalla, que contiene oraciones de exorcismo y protecci\u00f3n. Su fiesta se celebra el 11 de julio. Su mensaje es vivir en humildad, oraci\u00f3n y trabajo, bajo el lema \u201cOra et labora\u201d (Reza y trabaja).<\/p>\n","protected":false},"excerpt":{"rendered":"<p>Pines medalla de San Benito. Se env\u00edan con la presentaci\u00f3n de la foto.\u00a0 Se personaliza la estampa desde 12 unidades.<\/p>\n","protected":false},"featured_media":1615,"comment_status":"closed","ping_status":"closed","template":"","meta":{"_acf_changed":false},"product_brand":[],"product_cat":[109],"product_tag":[],"class_list":{"0":"post-1555","1":"product","2":"type-product","3":"status-publish","4":"has-post-thumbnail","6":"product_cat-pines","8":"first","9":"instock","10":"taxable","11":"shipping-taxable","12":"purchasable","13":"product-type-simple"},"acf":[],"_links":{"self":[{"href":"https:\/\/www.dev.magdalenastiendadefe.com\/dev\/wp-json\/wp\/v2\/product\/1555","targetHints":{"allow":["GET"]}}],"collection":[{"href":"https:\/\/www.dev.magdalenastiendadefe.com\/dev\/wp-json\/wp\/v2\/product"}],"about":[{"href":"https:\/\/www.dev.magdalenastiendadefe.com\/dev\/wp-json\/wp\/v2\/types\/product"}],"replies":[{"embeddable":true,"href":"https:\/\/www.dev.magdalenastiendadefe.com\/dev\/wp-json\/wp\/v2\/comments?post=1555"}],"wp:featuredmedia":[{"embeddable":true,"href":"https:\/\/www.dev.magdalenastiendadefe.com\/dev\/wp-json\/wp\/v2\/media\/1615"}],"wp:attachment":[{"href":"https:\/\/www.dev.magdalenastiendadefe.com\/dev\/wp-json\/wp\/v2\/media?parent=1555"}],"wp:term":[{"taxonomy":"product_brand","embeddable":true,"href":"https:\/\/www.dev.magdalenastiendadefe.com\/dev\/wp-json\/wp\/v2\/product_brand?post=1555"},{"taxonomy":"product_cat","embeddable":true,"href":"https:\/\/www.dev.magdalenastiendadefe.com\/dev\/wp-json\/wp\/v2\/product_cat?post=1555"},{"taxonomy":"product_tag","embeddable":true,"href":"https:\/\/www.dev.magdalenastiendadefe.com\/dev\/wp-json\/wp\/v2\/product_tag?post=1555"}],"curies":[{"name":"wp","href":"https:\/\/api.w.org\/{rel}","templated":true}]}}