{"id":1454,"date":"2025-07-24T20:28:29","date_gmt":"2025-07-24T20:28:29","guid":{"rendered":"https:\/\/www.dev.magdalenastiendadefe.com\/dev\/?post_type=product&#038;p=1454"},"modified":"2025-07-24T20:28:55","modified_gmt":"2025-07-24T20:28:55","slug":"llavero-denario-cruz-del-perdon","status":"publish","type":"product","link":"https:\/\/www.dev.magdalenastiendadefe.com\/dev\/producto\/llavero-denario-cruz-del-perdon\/","title":{"rendered":"Llavero Denario cruz del perd\u00f3n."},"content":{"rendered":"<p>Llavero denario en madera con herrajes en alpaca italiana, crucero de la virgen milagrosa y cruz del perd\u00f3n.<\/p>\n<p>Se env\u00eda empacado para regalo como esta en la foto; bolsa de yute, estampa de la marca, bolsa de regalo de Magdalena\u2019s con tarjeta de para.<\/p>\n","protected":false},"excerpt":{"rendered":"<p>Lleva tu fe contigo a todas partes\u201d<br \/>\nNuestros llaveros denarios son m\u00e1s que un accesorio; son un recordatorio constante de la presencia de Dios en tu d\u00eda a d\u00eda. Perfectos para acompa\u00f1arte en tus oraciones, encontrar paz en los momentos dif\u00edciles o simplemente sentirte m\u00e1s cerca de tu espiritualidad. Cada pieza est\u00e1 dise\u00f1ada con amor, combinando significado y belleza, para que siempre tengas un s\u00edmbolo de fe al alcance de tu mano.<\/p>\n","protected":false},"featured_media":1514,"comment_status":"closed","ping_status":"closed","template":"","meta":{"_acf_changed":false},"product_brand":[],"product_cat":[117,72],"product_tag":[],"class_list":{"0":"post-1454","1":"product","2":"type-product","3":"status-publish","4":"has-post-thumbnail","6":"product_cat-denarios","7":"product_cat-llaveros","9":"first","10":"instock","11":"taxable","12":"shipping-taxable","13":"purchasable","14":"product-type-simple"},"acf":[],"_links":{"self":[{"href":"https:\/\/www.dev.magdalenastiendadefe.com\/dev\/wp-json\/wp\/v2\/product\/1454","targetHints":{"allow":["GET"]}}],"collection":[{"href":"https:\/\/www.dev.magdalenastiendadefe.com\/dev\/wp-json\/wp\/v2\/product"}],"about":[{"href":"https:\/\/www.dev.magdalenastiendadefe.com\/dev\/wp-json\/wp\/v2\/types\/product"}],"replies":[{"embeddable":true,"href":"https:\/\/www.dev.magdalenastiendadefe.com\/dev\/wp-json\/wp\/v2\/comments?post=1454"}],"wp:featuredmedia":[{"embeddable":true,"href":"https:\/\/www.dev.magdalenastiendadefe.com\/dev\/wp-json\/wp\/v2\/media\/1514"}],"wp:attachment":[{"href":"https:\/\/www.dev.magdalenastiendadefe.com\/dev\/wp-json\/wp\/v2\/media?parent=1454"}],"wp:term":[{"taxonomy":"product_brand","embeddable":true,"href":"https:\/\/www.dev.magdalenastiendadefe.com\/dev\/wp-json\/wp\/v2\/product_brand?post=1454"},{"taxonomy":"product_cat","embeddable":true,"href":"https:\/\/www.dev.magdalenastiendadefe.com\/dev\/wp-json\/wp\/v2\/product_cat?post=1454"},{"taxonomy":"product_tag","embeddable":true,"href":"https:\/\/www.dev.magdalenastiendadefe.com\/dev\/wp-json\/wp\/v2\/product_tag?post=1454"}],"curies":[{"name":"wp","href":"https:\/\/api.w.org\/{rel}","templated":true}]}}