{"id":1193,"date":"2025-07-24T20:26:39","date_gmt":"2025-07-24T20:26:39","guid":{"rendered":"https:\/\/www.dev.magdalenastiendadefe.com\/dev\/?post_type=product&#038;p=1193"},"modified":"2025-07-24T20:26:52","modified_gmt":"2025-07-24T20:26:52","slug":"sagrada-familia","status":"publish","type":"product","link":"https:\/\/www.dev.magdalenastiendadefe.com\/dev\/producto\/sagrada-familia\/","title":{"rendered":"Sagrada Familia"},"content":{"rendered":"<p>Imagen elaborada en Marmolina, material que se puede colocar en exteriores o interiores.<\/p>\n<p>Pintada a mano con pinturas acr\u00edlicas y laminillas.<\/p>\n<p>Se env\u00eda empacada para regalo, tarjeta de para y estampa<\/p>\n<p>&nbsp;<\/p>\n","protected":false},"excerpt":{"rendered":"<p>\u201cLa Sagrada Familia: Un s\u00edmbolo de uni\u00f3n y amor eterno\u201d<\/p>\n<p>Tener una imagen de la Sagrada Familia en casa o en el trabajo es mucho m\u00e1s que una tradici\u00f3n; es un recordatorio constante de los valores de uni\u00f3n, amor y fe que fortalecen nuestras vidas. Representa el modelo perfecto de familia centrada en Dios, donde la confianza, la humildad y el amor incondicional nos inspiran d\u00eda a d\u00eda.<\/p>\n<p>Colocarla en cualquier espacio \u2014ya sea en tu hogar o lugar de trabajo\u2014 crea un ambiente lleno de paz, bendiciones y protecci\u00f3n divina. La Sagrada Familia nos recuerda que, en medio de los desaf\u00edos cotidianos, siempre podemos encontrar fortaleza y gu\u00eda en el ejemplo de Jes\u00fas, Mar\u00eda y Jos\u00e9.<\/p>\n<p>Su festividad, celebrada el domingo despu\u00e9s de Navidad, es un momento especial para reflexionar sobre la importancia de la familia y renovar nuestro compromiso de vivir en armon\u00eda y fe. Una imagen de la Sagrada Familia embellece cualquier rinc\u00f3n y llena de esperanza y espiritualidad cada d\u00eda.<\/p>\n<p>IM\u00c1GENES:<br \/>\nUna imagen religiosa no es solo una decoraci\u00f3n, es un s\u00edmbolo de fe y esperanza. Tener una Virgen en nuestro hogar o espacio de trabajo nos recuerda que no estamos solos, que en cada momento podemos encontrar paz y fortaleza. Su presencia transforma cualquier rinc\u00f3n en un lugar especial, lleno de gracia y protecci\u00f3n divina.<\/p>\n","protected":false},"featured_media":1226,"comment_status":"closed","ping_status":"closed","template":"","meta":{"_acf_changed":false},"product_brand":[],"product_cat":[37],"product_tag":[],"class_list":{"0":"post-1193","1":"product","2":"type-product","3":"status-publish","4":"has-post-thumbnail","6":"product_cat-sagrada-familia","8":"first","9":"instock","10":"taxable","11":"shipping-taxable","12":"purchasable","13":"product-type-simple"},"acf":[],"_links":{"self":[{"href":"https:\/\/www.dev.magdalenastiendadefe.com\/dev\/wp-json\/wp\/v2\/product\/1193","targetHints":{"allow":["GET"]}}],"collection":[{"href":"https:\/\/www.dev.magdalenastiendadefe.com\/dev\/wp-json\/wp\/v2\/product"}],"about":[{"href":"https:\/\/www.dev.magdalenastiendadefe.com\/dev\/wp-json\/wp\/v2\/types\/product"}],"replies":[{"embeddable":true,"href":"https:\/\/www.dev.magdalenastiendadefe.com\/dev\/wp-json\/wp\/v2\/comments?post=1193"}],"wp:featuredmedia":[{"embeddable":true,"href":"https:\/\/www.dev.magdalenastiendadefe.com\/dev\/wp-json\/wp\/v2\/media\/1226"}],"wp:attachment":[{"href":"https:\/\/www.dev.magdalenastiendadefe.com\/dev\/wp-json\/wp\/v2\/media?parent=1193"}],"wp:term":[{"taxonomy":"product_brand","embeddable":true,"href":"https:\/\/www.dev.magdalenastiendadefe.com\/dev\/wp-json\/wp\/v2\/product_brand?post=1193"},{"taxonomy":"product_cat","embeddable":true,"href":"https:\/\/www.dev.magdalenastiendadefe.com\/dev\/wp-json\/wp\/v2\/product_cat?post=1193"},{"taxonomy":"product_tag","embeddable":true,"href":"https:\/\/www.dev.magdalenastiendadefe.com\/dev\/wp-json\/wp\/v2\/product_tag?post=1193"}],"curies":[{"name":"wp","href":"https:\/\/api.w.org\/{rel}","templated":true}]}}