{"id":1181,"date":"2025-07-24T20:26:38","date_gmt":"2025-07-24T20:26:38","guid":{"rendered":"https:\/\/www.dev.magdalenastiendadefe.com\/dev\/?post_type=product&#038;p=1181"},"modified":"2025-07-24T20:26:43","modified_gmt":"2025-07-24T20:26:43","slug":"vela-cofre-lourdes","status":"publish","type":"product","link":"https:\/\/www.dev.magdalenastiendadefe.com\/dev\/producto\/vela-cofre-lourdes\/","title":{"rendered":"Vela cofre Lourdes"},"content":{"rendered":"<p>Vela arom\u00e1tica en cofre de 8 cm de di\u00e1metro, 105 gramos de cera vegetal con aroma.<\/p>\n<p>decorada con l\u00e1minas de aluminio, repujado, pintado y envejecido totalmente a mano.<\/p>\n","protected":false},"excerpt":{"rendered":"<p>Velas: Luz para el alma, oraci\u00f3n para el coraz\u00f3n \u2728\ud83d\udd6f\ufe0f<\/p>\n<p>Las velas han sido, desde siempre, s\u00edmbolo de fe, esperanza y oraci\u00f3n. Su luz nos recuerda la presencia de Dios en nuestras vidas, iluminando nuestro camino incluso en los momentos de mayor oscuridad.<\/p>\n<p>\ud83d\udd25 \u00bfPor qu\u00e9 una vela?<br \/>\nPorque m\u00e1s que un simple objeto, es una invitaci\u00f3n al recogimiento, a la oraci\u00f3n y a la paz interior. Encender una vela es un gesto de entrega, un recordatorio de que nuestra fe arde con amor y confianza en Dios.<\/p>\n<p>\ud83d\ude4f \u00bfPor qu\u00e9 tener una en casa?<br \/>\nPorque su luz nos acompa\u00f1a en cada oraci\u00f3n, en cada s\u00faplica y en cada agradecimiento. Es un recordatorio tangible de la presencia de Dios y de la intercesi\u00f3n de los santos en nuestra vida diaria.<\/p>\n<p>\ud83c\udf81 Un detalle con significado<br \/>\nLas velas son un regalo especial para compartir luz y bendici\u00f3n con quienes amas. Perfectas para celebrar momentos importantes, como bautizos, primeras comuniones, matrimonios o simplemente como un gesto de cari\u00f1o y oraci\u00f3n por alguien especial.<\/p>\n<p>Que cada llama encendida sea una oraci\u00f3n elevada al cielo.<\/p>\n","protected":false},"featured_media":1214,"comment_status":"closed","ping_status":"closed","template":"","meta":{"_acf_changed":false},"product_brand":[],"product_cat":[63,137,130],"product_tag":[],"class_list":{"0":"post-1181","1":"product","2":"type-product","3":"status-publish","4":"has-post-thumbnail","6":"product_cat-condolencia-cabo-de-ano","7":"product_cat-repujado","8":"product_cat-velas","10":"first","11":"instock","12":"taxable","13":"shipping-taxable","14":"purchasable","15":"product-type-simple"},"acf":[],"_links":{"self":[{"href":"https:\/\/www.dev.magdalenastiendadefe.com\/dev\/wp-json\/wp\/v2\/product\/1181","targetHints":{"allow":["GET"]}}],"collection":[{"href":"https:\/\/www.dev.magdalenastiendadefe.com\/dev\/wp-json\/wp\/v2\/product"}],"about":[{"href":"https:\/\/www.dev.magdalenastiendadefe.com\/dev\/wp-json\/wp\/v2\/types\/product"}],"replies":[{"embeddable":true,"href":"https:\/\/www.dev.magdalenastiendadefe.com\/dev\/wp-json\/wp\/v2\/comments?post=1181"}],"wp:featuredmedia":[{"embeddable":true,"href":"https:\/\/www.dev.magdalenastiendadefe.com\/dev\/wp-json\/wp\/v2\/media\/1214"}],"wp:attachment":[{"href":"https:\/\/www.dev.magdalenastiendadefe.com\/dev\/wp-json\/wp\/v2\/media?parent=1181"}],"wp:term":[{"taxonomy":"product_brand","embeddable":true,"href":"https:\/\/www.dev.magdalenastiendadefe.com\/dev\/wp-json\/wp\/v2\/product_brand?post=1181"},{"taxonomy":"product_cat","embeddable":true,"href":"https:\/\/www.dev.magdalenastiendadefe.com\/dev\/wp-json\/wp\/v2\/product_cat?post=1181"},{"taxonomy":"product_tag","embeddable":true,"href":"https:\/\/www.dev.magdalenastiendadefe.com\/dev\/wp-json\/wp\/v2\/product_tag?post=1181"}],"curies":[{"name":"wp","href":"https:\/\/api.w.org\/{rel}","templated":true}]}}