{"id":1986,"date":"2025-07-24T20:53:58","date_gmt":"2025-07-24T20:53:58","guid":{"rendered":"https:\/\/www.dev.magdalenastiendadefe.com\/dev\/?page_id=1986"},"modified":"2025-08-06T17:22:48","modified_gmt":"2025-08-06T17:22:48","slug":"cookies","status":"publish","type":"page","link":"https:\/\/www.dev.magdalenastiendadefe.com\/dev\/cookies\/","title":{"rendered":"Cookies"},"content":{"rendered":"\t\t<div data-elementor-type=\"wp-page\" data-elementor-id=\"1986\" class=\"elementor elementor-1986\" data-elementor-post-type=\"page\">\n\t\t\t\t<div class=\"elementor-element elementor-element-c6e5322 e-flex e-con-boxed e-con e-parent\" data-id=\"c6e5322\" data-element_type=\"container\">\n\t\t\t\t\t<div class=\"e-con-inner\">\n\t\t<div class=\"elementor-element elementor-element-7e4898b e-con-full e-flex e-con e-child\" data-id=\"7e4898b\" data-element_type=\"container\">\n\t\t\t\t<div class=\"elementor-element elementor-element-4d66a1a elementor-widget elementor-widget-heading\" data-id=\"4d66a1a\" data-element_type=\"widget\" data-widget_type=\"heading.default\">\n\t\t\t\t\t<h2 class=\"elementor-heading-title elementor-size-default\">Cookies<\/h2>\t\t\t\t<\/div>\n\t\t\t\t<div class=\"elementor-element elementor-element-f036df8 elementor-widget elementor-widget-text-editor\" data-id=\"f036df8\" data-element_type=\"widget\" data-widget_type=\"text-editor.default\">\n\t\t\t\t\t\t\t\t\t<p data-start=\"259\" data-end=\"500\">En Magdalenas Tienda de Fe utilizamos cookies propias y de terceros para que todo funcione como debe, para mostrarte contenido bonito y tambi\u00e9n para entender mejor qu\u00e9 te gusta. Al seguir navegando, aceptas nuestra <strong data-start=\"474\" data-end=\"497\">pol\u00edtica de cookies<\/strong>.<\/p><p data-start=\"502\" data-end=\"549\">Puedes cambiar tus preferencias cuando quieras.<\/p><p data-start=\"771\" data-end=\"1016\"><strong data-start=\"771\" data-end=\"796\">\u00bfQu\u00e9 son las cookies?<\/strong><br data-start=\"796\" data-end=\"799\" \/>Las cookies son peque\u00f1os archivos de texto que se almacenan en tu dispositivo cuando visitas un sitio web. Sirven para recordar tus preferencias, mejorar tu experiencia y ayudarnos a entender c\u00f3mo usas nuestra tienda.<\/p><p data-start=\"1018\" data-end=\"1100\"><strong data-start=\"1018\" data-end=\"1050\">\u00bfQu\u00e9 tipo de cookies usamos?<\/strong><br data-start=\"1050\" data-end=\"1053\" \/>En Magdalenas Tienda de Fe usamos cookies para:<\/p><ul data-start=\"1102\" data-end=\"1439\"><li data-start=\"1102\" data-end=\"1159\"><p data-start=\"1104\" data-end=\"1159\">Que el sitio funcione correctamente (cookies t\u00e9cnicas).<\/p><\/li><li data-start=\"1160\" data-end=\"1261\"><p data-start=\"1162\" data-end=\"1261\">Recordar tu carrito, tus productos favoritos o tus datos de inicio de sesi\u00f3n (cookies funcionales).<\/p><\/li><li data-start=\"1262\" data-end=\"1365\"><p data-start=\"1264\" data-end=\"1365\">Analizar c\u00f3mo navegas en la tienda para mejorar nuestros productos y servicios (cookies de an\u00e1lisis).<\/p><\/li><li data-start=\"1366\" data-end=\"1439\"><p data-start=\"1368\" data-end=\"1439\">Mostrarte contenido personalizado y promociones (cookies de marketing).<\/p><\/li><\/ul><p data-start=\"1441\" data-end=\"1644\"><strong data-start=\"1441\" data-end=\"1467\">\u00bfPuedes desactivarlas?<\/strong><br data-start=\"1467\" data-end=\"1470\" \/>Claro que s\u00ed. Puedes configurar tu navegador para bloquear o eliminar las cookies cuando quieras. Pero ten en cuenta que algunas funciones podr\u00edan no funcionar correctamente.<\/p><p data-start=\"1646\" data-end=\"1798\"><strong data-start=\"1646\" data-end=\"1674\">\u00bfD\u00f3nde puedes saber m\u00e1s?<\/strong><br data-start=\"1674\" data-end=\"1677\" \/>Si tienes dudas sobre c\u00f3mo usamos las cookies o quieres m\u00e1s info, puedes escribirnos por nuestro whatsapp o correo electr\u00f3nico<\/p><p data-start=\"1800\" data-end=\"1835\">\u00daltima actualizaci\u00f3n: [Agosto 2025]<\/p>\t\t\t\t\t\t\t\t<\/div>\n\t\t\t\t<\/div>\n\t\t\t\t\t<\/div>\n\t\t\t\t<\/div>\n\t\t\t\t<\/div>\n\t\t","protected":false},"excerpt":{"rendered":"<p>Cookies En Magdalenas Tienda de Fe utilizamos cookies propias y de terceros para que todo funcione como debe, para mostrarte contenido bonito y tambi\u00e9n para entender mejor qu\u00e9 te gusta. Al seguir navegando, aceptas nuestra pol\u00edtica de cookies. Puedes cambiar tus preferencias cuando quieras. \u00bfQu\u00e9 son las cookies?Las cookies son peque\u00f1os archivos de texto que [&hellip;]<\/p>\n","protected":false},"author":1,"featured_media":0,"parent":0,"menu_order":0,"comment_status":"closed","ping_status":"closed","template":"","meta":{"_acf_changed":false,"footnotes":""},"class_list":["post-1986","page","type-page","status-publish","hentry"],"acf":[],"_links":{"self":[{"href":"https:\/\/www.dev.magdalenastiendadefe.com\/dev\/wp-json\/wp\/v2\/pages\/1986","targetHints":{"allow":["GET"]}}],"collection":[{"href":"https:\/\/www.dev.magdalenastiendadefe.com\/dev\/wp-json\/wp\/v2\/pages"}],"about":[{"href":"https:\/\/www.dev.magdalenastiendadefe.com\/dev\/wp-json\/wp\/v2\/types\/page"}],"author":[{"embeddable":true,"href":"https:\/\/www.dev.magdalenastiendadefe.com\/dev\/wp-json\/wp\/v2\/users\/1"}],"replies":[{"embeddable":true,"href":"https:\/\/www.dev.magdalenastiendadefe.com\/dev\/wp-json\/wp\/v2\/comments?post=1986"}],"version-history":[{"count":10,"href":"https:\/\/www.dev.magdalenastiendadefe.com\/dev\/wp-json\/wp\/v2\/pages\/1986\/revisions"}],"predecessor-version":[{"id":84661,"href":"https:\/\/www.dev.magdalenastiendadefe.com\/dev\/wp-json\/wp\/v2\/pages\/1986\/revisions\/84661"}],"wp:attachment":[{"href":"https:\/\/www.dev.magdalenastiendadefe.com\/dev\/wp-json\/wp\/v2\/media?parent=1986"}],"curies":[{"name":"wp","href":"https:\/\/api.w.org\/{rel}","templated":true}]}}